{"id":115,"date":"2024-09-18T10:47:58","date_gmt":"2024-09-18T10:47:58","guid":{"rendered":"https:\/\/guardiasicc.com.mx\/home\/?page_id=115"},"modified":"2024-09-18T10:48:33","modified_gmt":"2024-09-18T10:48:33","slug":"guardias-de-seguridad-privada-para-escuelas","status":"publish","type":"page","link":"https:\/\/guardiasicc.com.mx\/home\/guardias-de-seguridad-privada-para-escuelas\/","title":{"rendered":"Guardias de Seguridad Privada para Escuelas"},"content":{"rendered":"\t\t<div data-elementor-type=\"wp-page\" data-elementor-id=\"115\" class=\"elementor elementor-115\">\n\t\t\t\t<div class=\"elementor-element elementor-element-4539f51c e-flex e-con-boxed e-con e-parent\" data-id=\"4539f51c\" data-element_type=\"container\" data-settings=\"{&quot;background_background&quot;:&quot;classic&quot;}\">\n\t\t\t\t\t<div class=\"e-con-inner\">\n\t\t\t\t\t<\/div>\n\t\t\t\t<\/div>\n\t\t<div class=\"elementor-element elementor-element-3cd17947 e-flex e-con-boxed e-con e-parent\" data-id=\"3cd17947\" data-element_type=\"container\" data-settings=\"{&quot;background_background&quot;:&quot;classic&quot;}\">\n\t\t\t\t\t<div class=\"e-con-inner\">\n\t\t\t\t<div class=\"elementor-element elementor-element-400bb8a2 elementor-widget elementor-widget-text-editor\" data-id=\"400bb8a2\" data-element_type=\"widget\" data-widget_type=\"text-editor.default\">\n\t\t\t\t<div class=\"elementor-widget-container\">\n\t\t\t\t\t\t\t\t\t<p><b>LEALTAD | COMPROMISO | EFICIENCIA | HONESTIDAD | PROFESIONALISMO | RESPETO | RESPONSABILIDAD | HUMILDAD<\/b><\/p>\t\t\t\t\t\t\t\t<\/div>\n\t\t\t\t<\/div>\n\t\t\t\t\t<\/div>\n\t\t\t\t<\/div>\n\t\t<div class=\"elementor-element elementor-element-50e63d4d e-flex e-con-boxed e-con e-parent\" data-id=\"50e63d4d\" data-element_type=\"container\">\n\t\t\t\t\t<div class=\"e-con-inner\">\n\t\t\t\t<div class=\"elementor-element elementor-element-6c604767 elementor-widget elementor-widget-heading\" data-id=\"6c604767\" data-element_type=\"widget\" data-widget_type=\"heading.default\">\n\t\t\t\t<div class=\"elementor-widget-container\">\n\t\t\t\t\t<h2 class=\"elementor-heading-title elementor-size-default\">GUARDIAS DE SEGURIDAD PRIVADA PARA ESCUELAS\n<\/h2>\t\t\t\t<\/div>\n\t\t\t\t<\/div>\n\t\t\t\t<div class=\"elementor-element elementor-element-3eb355a0 elementor-widget elementor-widget-text-editor\" data-id=\"3eb355a0\" data-element_type=\"widget\" data-widget_type=\"text-editor.default\">\n\t\t\t\t<div class=\"elementor-widget-container\">\n\t\t\t\t\t\t\t\t\t<p>En el entorno educativo, el servicio de vigilancia\u00a0<span style=\"font-style: inherit; font-weight: inherit; background-color: var(--ast-global-color-5);\">cobra un papel muy relevante\u00a0<\/span><span style=\"font-style: inherit; font-weight: inherit; background-color: var(--ast-global-color-5);\">frente al sistema de seguridad.\u00a0<\/span><span style=\"font-style: inherit; font-weight: inherit; background-color: var(--ast-global-color-5);\">Bien sea en un colegio, escuela,<\/span><span style=\"font-style: inherit; font-weight: inherit; background-color: var(--ast-global-color-5);\">\u00a0universidad o instituto,<\/span><span style=\"font-style: inherit; font-weight: inherit; background-color: var(--ast-global-color-5);\">\u00a0el personal de seguridad es el responsable\u00a0<\/span><span style=\"font-style: inherit; font-weight: inherit; background-color: var(--ast-global-color-5);\">de velar por la integridad de estudiantes,\u00a0<\/span><span style=\"font-style: inherit; font-weight: inherit; background-color: var(--ast-global-color-5);\">que en su mayor\u00eda son ni\u00f1os y j\u00f3venes,\u00a0<\/span><span style=\"font-style: inherit; font-weight: inherit; background-color: var(--ast-global-color-5);\">as\u00ed como por la infraestructura del lugar,\u00a0<\/span><span style=\"font-style: inherit; font-weight: inherit; background-color: var(--ast-global-color-5);\">pero revisemos m\u00e1s a fondo cu\u00e1l es su funci\u00f3n.<\/span><span style=\"font-style: inherit; font-weight: inherit; background-color: var(--ast-global-color-5);\">\u00a0Las principales funciones de un Guardia\u00a0<\/span><span style=\"font-style: inherit; font-weight: inherit; background-color: var(--ast-global-color-5);\">de seguridad en el sector educativo el\u00a0<\/span><span style=\"font-style: inherit; font-weight: inherit; background-color: var(--ast-global-color-5);\">trabajo de Guardia de Seguridad\u00a0<\/span><span style=\"font-style: inherit; font-weight: inherit; background-color: var(--ast-global-color-5);\">en un colegio, universidad u otro plantel educativo\u00a0<\/span><span style=\"font-style: inherit; font-weight: inherit; background-color: var(--ast-global-color-5);\">implica una extensa suma de conocimientos y\u00a0<\/span><span style=\"font-style: inherit; font-weight: inherit; background-color: var(--ast-global-color-5);\">habilidades que se requieren para ejercer,\u00a0<\/span><span style=\"font-style: inherit; font-weight: inherit; background-color: var(--ast-global-color-5);\">esto se debe a la gran cantidad de funciones y<\/span><span style=\"font-style: inherit; font-weight: inherit; background-color: var(--ast-global-color-5);\">\u00a0deberes que el profesional tiene que cumplir y<\/span><span style=\"font-style: inherit; font-weight: inherit; background-color: var(--ast-global-color-5);\">\u00a0la responsabilidad del entorno en el que se encuentra.<\/span><\/p><p>Como lo mencionamos antes, se trata muchas veces de velar\u00a0<span style=\"font-style: inherit; font-weight: inherit; background-color: var(--ast-global-color-5);\">por la seguridad de ni\u00f1os y j\u00f3venes que tal vez\u00a0<\/span><span style=\"font-style: inherit; font-weight: inherit; background-color: var(--ast-global-color-5);\">ignoren peligros latentes como hablar con extra\u00f1os,\u00a0<\/span><span style=\"font-style: inherit; font-weight: inherit; background-color: var(--ast-global-color-5);\">recibir dulces de personas desconocidas,<\/span><span style=\"font-style: inherit; font-weight: inherit; background-color: var(--ast-global-color-5);\">\u00a0robos, ventas de alucin\u00f3genos,\u00a0<\/span><span style=\"font-style: inherit; font-weight: inherit; background-color: var(--ast-global-color-5);\">entre muchos otros riesgos. All\u00ed, el personal de vigilancia\u00a0<\/span><span style=\"font-style: inherit; font-weight: inherit; background-color: var(--ast-global-color-5);\">cumple la funci\u00f3n de estar atento a personal extra\u00f1o\u00a0<\/span><span style=\"font-style: inherit; font-weight: inherit; background-color: var(--ast-global-color-5);\">dentro de la instituci\u00f3n, as\u00ed como el\u00a0 acceso y\u00a0<\/span><span style=\"font-style: inherit; font-weight: inherit; background-color: var(--ast-global-color-5);\">salida de estudiantes, docentes,\u00a0<\/span><span style=\"font-style: inherit; font-weight: inherit; background-color: var(--ast-global-color-5);\">personal administrativo y padres de familia.\u00a0<\/span><span style=\"font-style: inherit; font-weight: inherit; background-color: var(--ast-global-color-5);\">Adem\u00e1s de estar atentos a la seguridad de las personas,<\/span><span style=\"font-style: inherit; font-weight: inherit; background-color: var(--ast-global-color-5);\">\u00a0tambi\u00e9n cuidan los bienes materiales\u00a0<\/span><span style=\"font-style: inherit; font-weight: inherit; background-color: var(--ast-global-color-5);\">de las instituciones educativas. Es de resaltar que,\u00a0<\/span><span style=\"font-style: inherit; font-weight: inherit; background-color: var(--ast-global-color-5);\">en muchas ocasiones, estas cuentan\u00a0<\/span><span style=\"font-style: inherit; font-weight: inherit; background-color: var(--ast-global-color-5);\">con espacios dotados con equipos tecnol\u00f3gicos, laboratorios,\u00a0<\/span><span style=\"font-style: inherit; font-weight: inherit; background-color: var(--ast-global-color-5);\">salas de c\u00f3mputo, entre otros que representan<\/span><span style=\"font-style: inherit; font-weight: inherit; background-color: var(--ast-global-color-5);\">\u00a0una inversi\u00f3n significativa para el plantel.<\/span><span style=\"font-style: inherit; font-weight: inherit; background-color: var(--ast-global-color-5);\">\u00a0Un robo de cualquiera de\u00a0<\/span><span style=\"font-style: inherit; font-weight: inherit; background-color: var(--ast-global-color-5);\">estos espacios equivaldr\u00eda a una p\u00e9rdida millonaria. All\u00ed,\u00a0<\/span><span style=\"font-style: inherit; font-weight: inherit; background-color: var(--ast-global-color-5);\">el Guardia de Seguridad\u00a0<\/span><span style=\"font-style: inherit; font-weight: inherit; background-color: var(--ast-global-color-5);\">debe seguir los protocolos establecidos para evitarlos.<\/span><\/p>\t\t\t\t\t\t\t\t<\/div>\n\t\t\t\t<\/div>\n\t\t\t\t\t<\/div>\n\t\t\t\t<\/div>\n\t\t\t\t<\/div>\n\t\t","protected":false},"excerpt":{"rendered":"<p>LEALTAD | COMPROMISO | EFICIENCIA | HONESTIDAD | PROFESIONALISMO | RESPETO | RESPONSABILIDAD | HUMILDAD GUARDIAS DE SEGURIDAD PRIVADA PARA [&hellip;]<\/p>\n","protected":false},"author":1,"featured_media":0,"parent":0,"menu_order":0,"comment_status":"closed","ping_status":"closed","template":"","meta":{"site-sidebar-layout":"no-sidebar","site-content-layout":"","ast-site-content-layout":"full-width-container","site-content-style":"default","site-sidebar-style":"default","ast-global-header-display":"","ast-banner-title-visibility":"","ast-main-header-display":"","ast-hfb-above-header-display":"","ast-hfb-below-header-display":"","ast-hfb-mobile-header-display":"","site-post-title":"disabled","ast-breadcrumbs-content":"","ast-featured-img":"disabled","footer-sml-layout":"","theme-transparent-header-meta":"","adv-header-id-meta":"","stick-header-meta":"","header-above-stick-meta":"","header-main-stick-meta":"","header-below-stick-meta":"","astra-migrate-meta-layouts":"default","ast-page-background-enabled":"default","ast-page-background-meta":{"desktop":{"background-color":"var(--ast-global-color-4)","background-image":"","background-repeat":"repeat","background-position":"center center","background-size":"auto","background-attachment":"scroll","background-type":"","background-media":"","overlay-type":"","overlay-color":"","overlay-opacity":"","overlay-gradient":""},"tablet":{"background-color":"","background-image":"","background-repeat":"repeat","background-position":"center center","background-size":"auto","background-attachment":"scroll","background-type":"","background-media":"","overlay-type":"","overlay-color":"","overlay-opacity":"","overlay-gradient":""},"mobile":{"background-color":"","background-image":"","background-repeat":"repeat","background-position":"center center","background-size":"auto","background-attachment":"scroll","background-type":"","background-media":"","overlay-type":"","overlay-color":"","overlay-opacity":"","overlay-gradient":""}},"ast-content-background-meta":{"desktop":{"background-color":"var(--ast-global-color-5)","background-image":"","background-repeat":"repeat","background-position":"center center","background-size":"auto","background-attachment":"scroll","background-type":"","background-media":"","overlay-type":"","overlay-color":"","overlay-opacity":"","overlay-gradient":""},"tablet":{"background-color":"var(--ast-global-color-5)","background-image":"","background-repeat":"repeat","background-position":"center center","background-size":"auto","background-attachment":"scroll","background-type":"","background-media":"","overlay-type":"","overlay-color":"","overlay-opacity":"","overlay-gradient":""},"mobile":{"background-color":"var(--ast-global-color-5)","background-image":"","background-repeat":"repeat","background-position":"center center","background-size":"auto","background-attachment":"scroll","background-type":"","background-media":"","overlay-type":"","overlay-color":"","overlay-opacity":"","overlay-gradient":""}},"_joinchat":[],"footnotes":""},"class_list":["post-115","page","type-page","status-publish","hentry"],"yoast_head":"<!-- This site is optimized with the Yoast SEO plugin v25.3.1 - https:\/\/yoast.com\/wordpress\/plugins\/seo\/ -->\n<title>Guardias de Seguridad Privada para Escuelas - Guardias de Seguridad Privada ICC<\/title>\n<meta name=\"robots\" content=\"index, follow, max-snippet:-1, max-image-preview:large, max-video-preview:-1\" \/>\n<link rel=\"canonical\" href=\"https:\/\/guardiasicc.com.mx\/home\/guardias-de-seguridad-privada-para-escuelas\/\" \/>\n<meta property=\"og:locale\" content=\"es_ES\" \/>\n<meta property=\"og:type\" content=\"article\" \/>\n<meta property=\"og:title\" content=\"Guardias de Seguridad Privada para Escuelas - Guardias de Seguridad Privada ICC\" \/>\n<meta property=\"og:description\" content=\"LEALTAD | COMPROMISO | EFICIENCIA | HONESTIDAD | PROFESIONALISMO | RESPETO | RESPONSABILIDAD | HUMILDAD GUARDIAS DE SEGURIDAD PRIVADA PARA [&hellip;]\" \/>\n<meta property=\"og:url\" content=\"https:\/\/guardiasicc.com.mx\/home\/guardias-de-seguridad-privada-para-escuelas\/\" \/>\n<meta property=\"og:site_name\" content=\"Guardias de Seguridad Privada ICC\" \/>\n<meta property=\"article:modified_time\" content=\"2024-09-18T10:48:33+00:00\" \/>\n<meta name=\"twitter:card\" content=\"summary_large_image\" \/>\n<meta name=\"twitter:label1\" content=\"Tiempo de lectura\" \/>\n\t<meta name=\"twitter:data1\" content=\"2 minutos\" \/>\n<script type=\"application\/ld+json\" class=\"yoast-schema-graph\">{\"@context\":\"https:\/\/schema.org\",\"@graph\":[{\"@type\":\"WebPage\",\"@id\":\"https:\/\/guardiasicc.com.mx\/home\/guardias-de-seguridad-privada-para-escuelas\/\",\"url\":\"https:\/\/guardiasicc.com.mx\/home\/guardias-de-seguridad-privada-para-escuelas\/\",\"name\":\"Guardias de Seguridad Privada para Escuelas - Guardias de Seguridad Privada ICC\",\"isPartOf\":{\"@id\":\"https:\/\/guardiasicc.com.mx\/home\/#website\"},\"datePublished\":\"2024-09-18T10:47:58+00:00\",\"dateModified\":\"2024-09-18T10:48:33+00:00\",\"breadcrumb\":{\"@id\":\"https:\/\/guardiasicc.com.mx\/home\/guardias-de-seguridad-privada-para-escuelas\/#breadcrumb\"},\"inLanguage\":\"es\",\"potentialAction\":[{\"@type\":\"ReadAction\",\"target\":[\"https:\/\/guardiasicc.com.mx\/home\/guardias-de-seguridad-privada-para-escuelas\/\"]}]},{\"@type\":\"BreadcrumbList\",\"@id\":\"https:\/\/guardiasicc.com.mx\/home\/guardias-de-seguridad-privada-para-escuelas\/#breadcrumb\",\"itemListElement\":[{\"@type\":\"ListItem\",\"position\":1,\"name\":\"Portada\",\"item\":\"https:\/\/guardiasicc.com.mx\/home\/\"},{\"@type\":\"ListItem\",\"position\":2,\"name\":\"Guardias de Seguridad Privada para Escuelas\"}]},{\"@type\":\"WebSite\",\"@id\":\"https:\/\/guardiasicc.com.mx\/home\/#website\",\"url\":\"https:\/\/guardiasicc.com.mx\/home\/\",\"name\":\"Guardias de Seguridad Privada ICC\",\"description\":\"Servicios de guardias de seguridad\",\"potentialAction\":[{\"@type\":\"SearchAction\",\"target\":{\"@type\":\"EntryPoint\",\"urlTemplate\":\"https:\/\/guardiasicc.com.mx\/home\/?s={search_term_string}\"},\"query-input\":{\"@type\":\"PropertyValueSpecification\",\"valueRequired\":true,\"valueName\":\"search_term_string\"}}],\"inLanguage\":\"es\"}]}<\/script>\n<!-- \/ Yoast SEO plugin. -->","yoast_head_json":{"title":"Guardias de Seguridad Privada para Escuelas - Guardias de Seguridad Privada ICC","robots":{"index":"index","follow":"follow","max-snippet":"max-snippet:-1","max-image-preview":"max-image-preview:large","max-video-preview":"max-video-preview:-1"},"canonical":"https:\/\/guardiasicc.com.mx\/home\/guardias-de-seguridad-privada-para-escuelas\/","og_locale":"es_ES","og_type":"article","og_title":"Guardias de Seguridad Privada para Escuelas - Guardias de Seguridad Privada ICC","og_description":"LEALTAD | COMPROMISO | EFICIENCIA | HONESTIDAD | PROFESIONALISMO | RESPETO | RESPONSABILIDAD | HUMILDAD GUARDIAS DE SEGURIDAD PRIVADA PARA [&hellip;]","og_url":"https:\/\/guardiasicc.com.mx\/home\/guardias-de-seguridad-privada-para-escuelas\/","og_site_name":"Guardias de Seguridad Privada ICC","article_modified_time":"2024-09-18T10:48:33+00:00","twitter_card":"summary_large_image","twitter_misc":{"Tiempo de lectura":"2 minutos"},"schema":{"@context":"https:\/\/schema.org","@graph":[{"@type":"WebPage","@id":"https:\/\/guardiasicc.com.mx\/home\/guardias-de-seguridad-privada-para-escuelas\/","url":"https:\/\/guardiasicc.com.mx\/home\/guardias-de-seguridad-privada-para-escuelas\/","name":"Guardias de Seguridad Privada para Escuelas - Guardias de Seguridad Privada ICC","isPartOf":{"@id":"https:\/\/guardiasicc.com.mx\/home\/#website"},"datePublished":"2024-09-18T10:47:58+00:00","dateModified":"2024-09-18T10:48:33+00:00","breadcrumb":{"@id":"https:\/\/guardiasicc.com.mx\/home\/guardias-de-seguridad-privada-para-escuelas\/#breadcrumb"},"inLanguage":"es","potentialAction":[{"@type":"ReadAction","target":["https:\/\/guardiasicc.com.mx\/home\/guardias-de-seguridad-privada-para-escuelas\/"]}]},{"@type":"BreadcrumbList","@id":"https:\/\/guardiasicc.com.mx\/home\/guardias-de-seguridad-privada-para-escuelas\/#breadcrumb","itemListElement":[{"@type":"ListItem","position":1,"name":"Portada","item":"https:\/\/guardiasicc.com.mx\/home\/"},{"@type":"ListItem","position":2,"name":"Guardias de Seguridad Privada para Escuelas"}]},{"@type":"WebSite","@id":"https:\/\/guardiasicc.com.mx\/home\/#website","url":"https:\/\/guardiasicc.com.mx\/home\/","name":"Guardias de Seguridad Privada ICC","description":"Servicios de guardias de seguridad","potentialAction":[{"@type":"SearchAction","target":{"@type":"EntryPoint","urlTemplate":"https:\/\/guardiasicc.com.mx\/home\/?s={search_term_string}"},"query-input":{"@type":"PropertyValueSpecification","valueRequired":true,"valueName":"search_term_string"}}],"inLanguage":"es"}]}},"_links":{"self":[{"href":"https:\/\/guardiasicc.com.mx\/home\/wp-json\/wp\/v2\/pages\/115","targetHints":{"allow":["GET"]}}],"collection":[{"href":"https:\/\/guardiasicc.com.mx\/home\/wp-json\/wp\/v2\/pages"}],"about":[{"href":"https:\/\/guardiasicc.com.mx\/home\/wp-json\/wp\/v2\/types\/page"}],"author":[{"embeddable":true,"href":"https:\/\/guardiasicc.com.mx\/home\/wp-json\/wp\/v2\/users\/1"}],"replies":[{"embeddable":true,"href":"https:\/\/guardiasicc.com.mx\/home\/wp-json\/wp\/v2\/comments?post=115"}],"version-history":[{"count":4,"href":"https:\/\/guardiasicc.com.mx\/home\/wp-json\/wp\/v2\/pages\/115\/revisions"}],"predecessor-version":[{"id":120,"href":"https:\/\/guardiasicc.com.mx\/home\/wp-json\/wp\/v2\/pages\/115\/revisions\/120"}],"wp:attachment":[{"href":"https:\/\/guardiasicc.com.mx\/home\/wp-json\/wp\/v2\/media?parent=115"}],"curies":[{"name":"wp","href":"https:\/\/api.w.org\/{rel}","templated":true}]}}