{"id":87,"date":"2024-09-18T10:35:23","date_gmt":"2024-09-18T10:35:23","guid":{"rendered":"https:\/\/guardiasicc.com.mx\/home\/?page_id=87"},"modified":"2024-09-18T10:35:58","modified_gmt":"2024-09-18T10:35:58","slug":"guardias-de-seguridad-privada-para-construcciones","status":"publish","type":"page","link":"https:\/\/guardiasicc.com.mx\/home\/guardias-de-seguridad-privada-para-construcciones\/","title":{"rendered":"Guardias de Seguridad Privada para Construcciones\u00a0"},"content":{"rendered":"\t\t<div data-elementor-type=\"wp-page\" data-elementor-id=\"87\" class=\"elementor elementor-87\">\n\t\t\t\t<div class=\"elementor-element elementor-element-5fd6a640 e-flex e-con-boxed e-con e-parent\" data-id=\"5fd6a640\" data-element_type=\"container\" data-settings=\"{&quot;background_background&quot;:&quot;classic&quot;}\">\n\t\t\t\t\t<div class=\"e-con-inner\">\n\t\t\t\t\t<\/div>\n\t\t\t\t<\/div>\n\t\t<div class=\"elementor-element elementor-element-646b9148 e-flex e-con-boxed e-con e-parent\" data-id=\"646b9148\" data-element_type=\"container\" data-settings=\"{&quot;background_background&quot;:&quot;classic&quot;}\">\n\t\t\t\t\t<div class=\"e-con-inner\">\n\t\t\t\t<div class=\"elementor-element elementor-element-7fd6839c elementor-widget elementor-widget-text-editor\" data-id=\"7fd6839c\" data-element_type=\"widget\" data-widget_type=\"text-editor.default\">\n\t\t\t\t<div class=\"elementor-widget-container\">\n\t\t\t\t\t\t\t\t\t<p><b>LEALTAD | COMPROMISO | EFICIENCIA | HONESTIDAD | PROFESIONALISMO | RESPETO | RESPONSABILIDAD | HUMILDAD<\/b><\/p>\t\t\t\t\t\t\t\t<\/div>\n\t\t\t\t<\/div>\n\t\t\t\t\t<\/div>\n\t\t\t\t<\/div>\n\t\t<div class=\"elementor-element elementor-element-3a8b5f43 e-flex e-con-boxed e-con e-parent\" data-id=\"3a8b5f43\" data-element_type=\"container\">\n\t\t\t\t\t<div class=\"e-con-inner\">\n\t\t\t\t<div class=\"elementor-element elementor-element-26489444 elementor-widget elementor-widget-heading\" data-id=\"26489444\" data-element_type=\"widget\" data-widget_type=\"heading.default\">\n\t\t\t\t<div class=\"elementor-widget-container\">\n\t\t\t\t\t<h2 class=\"elementor-heading-title elementor-size-default\">GUARDIAS DE SEGURIDAD PRIVADA PARA CONSTRUCCIONES\n<\/h2>\t\t\t\t<\/div>\n\t\t\t\t<\/div>\n\t\t\t\t<div class=\"elementor-element elementor-element-41c2e304 elementor-widget elementor-widget-text-editor\" data-id=\"41c2e304\" data-element_type=\"widget\" data-widget_type=\"text-editor.default\">\n\t\t\t\t<div class=\"elementor-widget-container\">\n\t\t\t\t\t\t\t\t\t<p>Los servicios de vigilancia son\u00a0 un factor vital en cualquier obra de construcci\u00f3n, no s\u00f3lo para proteger y evitar saqueos o robos de materiales de construcci\u00f3n, los cuales pueden llegar a ser muy costosos, sino tambi\u00e9n para protegerse de desperfectos en vallas y vandalismo en general.\u00a0<span style=\"font-style: inherit; font-weight: inherit; text-align: var(--text-align); background-color: var(--ast-global-color-5);\">Evitando la intrusi\u00f3n de gente ajena a la obra.\u00a0<\/span><\/p><p><span style=\"font-style: inherit; font-weight: inherit; text-align: var(--text-align); background-color: var(--ast-global-color-5);\">Por esto y m\u00e1s, las empresas de obras civiles han priorizado la protecci\u00f3n de sus bienes y equipos contratando servicios de seguridad privada.<\/span><\/p><p>La presencia de vigilantes de seguridad representa un fuerte efecto disuasorio en las instalaciones, adem\u00e1s de los\u00a0beneficios que proporcionan sus conocimientos y los medios de que disponen para proteger los bienes asignados, actuando oportunamente frente a cualquier intrusi\u00f3n, intento de robo o de vandalismo.<\/p><p>En las obras de construcci\u00f3n es muy importante llevar un control de acceso para asegurar que \u00fanicamente el personal autorizado pueda ingresar\u00a0a las \u00e1reas de trabajo autorizadas seg\u00fan su cargo.\u00a0<span style=\"font-style: inherit; font-weight: inherit; text-align: var(--text-align); background-color: var(--ast-global-color-5);\">Adem\u00e1s, se debe llevar un registro riguroso de cualquier invitado o persona que ingrese al lugar.<\/span><\/p><p>Con el control de acceso,\u00a0\u00a0<span style=\"font-style: inherit; font-weight: inherit; text-align: var(--text-align); background-color: var(--ast-global-color-5);\">se debe asegurar que\u00a0<\/span><span style=\"font-style: inherit; font-weight: inherit; text-align: var(--text-align); background-color: var(--ast-global-color-5);\">no haya retiro no autorizado de materiales o herramientas\u00a0<\/span><span style=\"font-style: inherit; font-weight: inherit; text-align: var(--text-align); background-color: var(--ast-global-color-5);\">despu\u00e9s de las horas laborales,\u00a0<\/span><span style=\"font-style: inherit; font-weight: inherit; text-align: var(--text-align); background-color: var(--ast-global-color-5);\">y de igual manera, que no permanezcan en la obra personas\u00a0<\/span><span style=\"font-style: inherit; font-weight: inherit; text-align: var(--text-align); background-color: var(--ast-global-color-5);\">no autorizadas en estos horarios.<\/span><\/p>\t\t\t\t\t\t\t\t<\/div>\n\t\t\t\t<\/div>\n\t\t\t\t\t<\/div>\n\t\t\t\t<\/div>\n\t\t\t\t<\/div>\n\t\t","protected":false},"excerpt":{"rendered":"<p>LEALTAD | COMPROMISO | EFICIENCIA | HONESTIDAD | PROFESIONALISMO | RESPETO | RESPONSABILIDAD | HUMILDAD GUARDIAS DE SEGURIDAD PRIVADA PARA [&hellip;]<\/p>\n","protected":false},"author":1,"featured_media":0,"parent":0,"menu_order":0,"comment_status":"closed","ping_status":"closed","template":"","meta":{"site-sidebar-layout":"no-sidebar","site-content-layout":"","ast-site-content-layout":"full-width-container","site-content-style":"default","site-sidebar-style":"default","ast-global-header-display":"","ast-banner-title-visibility":"","ast-main-header-display":"","ast-hfb-above-header-display":"","ast-hfb-below-header-display":"","ast-hfb-mobile-header-display":"","site-post-title":"disabled","ast-breadcrumbs-content":"","ast-featured-img":"disabled","footer-sml-layout":"","theme-transparent-header-meta":"","adv-header-id-meta":"","stick-header-meta":"","header-above-stick-meta":"","header-main-stick-meta":"","header-below-stick-meta":"","astra-migrate-meta-layouts":"default","ast-page-background-enabled":"default","ast-page-background-meta":{"desktop":{"background-color":"var(--ast-global-color-4)","background-image":"","background-repeat":"repeat","background-position":"center center","background-size":"auto","background-attachment":"scroll","background-type":"","background-media":"","overlay-type":"","overlay-color":"","overlay-opacity":"","overlay-gradient":""},"tablet":{"background-color":"","background-image":"","background-repeat":"repeat","background-position":"center center","background-size":"auto","background-attachment":"scroll","background-type":"","background-media":"","overlay-type":"","overlay-color":"","overlay-opacity":"","overlay-gradient":""},"mobile":{"background-color":"","background-image":"","background-repeat":"repeat","background-position":"center center","background-size":"auto","background-attachment":"scroll","background-type":"","background-media":"","overlay-type":"","overlay-color":"","overlay-opacity":"","overlay-gradient":""}},"ast-content-background-meta":{"desktop":{"background-color":"var(--ast-global-color-5)","background-image":"","background-repeat":"repeat","background-position":"center center","background-size":"auto","background-attachment":"scroll","background-type":"","background-media":"","overlay-type":"","overlay-color":"","overlay-opacity":"","overlay-gradient":""},"tablet":{"background-color":"var(--ast-global-color-5)","background-image":"","background-repeat":"repeat","background-position":"center center","background-size":"auto","background-attachment":"scroll","background-type":"","background-media":"","overlay-type":"","overlay-color":"","overlay-opacity":"","overlay-gradient":""},"mobile":{"background-color":"var(--ast-global-color-5)","background-image":"","background-repeat":"repeat","background-position":"center center","background-size":"auto","background-attachment":"scroll","background-type":"","background-media":"","overlay-type":"","overlay-color":"","overlay-opacity":"","overlay-gradient":""}},"_joinchat":[],"footnotes":""},"class_list":["post-87","page","type-page","status-publish","hentry"],"yoast_head":"<!-- This site is optimized with the Yoast SEO plugin v25.3.1 - https:\/\/yoast.com\/wordpress\/plugins\/seo\/ -->\n<title>Guardias de Seguridad Privada para Construcciones\u00a0 - Guardias de Seguridad Privada ICC<\/title>\n<meta name=\"robots\" content=\"index, follow, max-snippet:-1, max-image-preview:large, max-video-preview:-1\" \/>\n<link rel=\"canonical\" href=\"https:\/\/guardiasicc.com.mx\/home\/guardias-de-seguridad-privada-para-construcciones\/\" \/>\n<meta property=\"og:locale\" content=\"es_ES\" \/>\n<meta property=\"og:type\" content=\"article\" \/>\n<meta property=\"og:title\" content=\"Guardias de Seguridad Privada para Construcciones\u00a0 - Guardias de Seguridad Privada ICC\" \/>\n<meta property=\"og:description\" content=\"LEALTAD | COMPROMISO | EFICIENCIA | HONESTIDAD | PROFESIONALISMO | RESPETO | RESPONSABILIDAD | HUMILDAD GUARDIAS DE SEGURIDAD PRIVADA PARA [&hellip;]\" \/>\n<meta property=\"og:url\" content=\"https:\/\/guardiasicc.com.mx\/home\/guardias-de-seguridad-privada-para-construcciones\/\" \/>\n<meta property=\"og:site_name\" content=\"Guardias de Seguridad Privada ICC\" \/>\n<meta property=\"article:modified_time\" content=\"2024-09-18T10:35:58+00:00\" \/>\n<meta name=\"twitter:card\" content=\"summary_large_image\" \/>\n<meta name=\"twitter:label1\" content=\"Tiempo de lectura\" \/>\n\t<meta name=\"twitter:data1\" content=\"2 minutos\" \/>\n<script type=\"application\/ld+json\" class=\"yoast-schema-graph\">{\"@context\":\"https:\/\/schema.org\",\"@graph\":[{\"@type\":\"WebPage\",\"@id\":\"https:\/\/guardiasicc.com.mx\/home\/guardias-de-seguridad-privada-para-construcciones\/\",\"url\":\"https:\/\/guardiasicc.com.mx\/home\/guardias-de-seguridad-privada-para-construcciones\/\",\"name\":\"Guardias de Seguridad Privada para Construcciones\u00a0 - Guardias de Seguridad Privada ICC\",\"isPartOf\":{\"@id\":\"https:\/\/guardiasicc.com.mx\/home\/#website\"},\"datePublished\":\"2024-09-18T10:35:23+00:00\",\"dateModified\":\"2024-09-18T10:35:58+00:00\",\"breadcrumb\":{\"@id\":\"https:\/\/guardiasicc.com.mx\/home\/guardias-de-seguridad-privada-para-construcciones\/#breadcrumb\"},\"inLanguage\":\"es\",\"potentialAction\":[{\"@type\":\"ReadAction\",\"target\":[\"https:\/\/guardiasicc.com.mx\/home\/guardias-de-seguridad-privada-para-construcciones\/\"]}]},{\"@type\":\"BreadcrumbList\",\"@id\":\"https:\/\/guardiasicc.com.mx\/home\/guardias-de-seguridad-privada-para-construcciones\/#breadcrumb\",\"itemListElement\":[{\"@type\":\"ListItem\",\"position\":1,\"name\":\"Portada\",\"item\":\"https:\/\/guardiasicc.com.mx\/home\/\"},{\"@type\":\"ListItem\",\"position\":2,\"name\":\"Guardias de Seguridad Privada para Construcciones\u00a0\"}]},{\"@type\":\"WebSite\",\"@id\":\"https:\/\/guardiasicc.com.mx\/home\/#website\",\"url\":\"https:\/\/guardiasicc.com.mx\/home\/\",\"name\":\"Guardias de Seguridad Privada ICC\",\"description\":\"Servicios de guardias de seguridad\",\"potentialAction\":[{\"@type\":\"SearchAction\",\"target\":{\"@type\":\"EntryPoint\",\"urlTemplate\":\"https:\/\/guardiasicc.com.mx\/home\/?s={search_term_string}\"},\"query-input\":{\"@type\":\"PropertyValueSpecification\",\"valueRequired\":true,\"valueName\":\"search_term_string\"}}],\"inLanguage\":\"es\"}]}<\/script>\n<!-- \/ Yoast SEO plugin. -->","yoast_head_json":{"title":"Guardias de Seguridad Privada para Construcciones\u00a0 - Guardias de Seguridad Privada ICC","robots":{"index":"index","follow":"follow","max-snippet":"max-snippet:-1","max-image-preview":"max-image-preview:large","max-video-preview":"max-video-preview:-1"},"canonical":"https:\/\/guardiasicc.com.mx\/home\/guardias-de-seguridad-privada-para-construcciones\/","og_locale":"es_ES","og_type":"article","og_title":"Guardias de Seguridad Privada para Construcciones\u00a0 - Guardias de Seguridad Privada ICC","og_description":"LEALTAD | COMPROMISO | EFICIENCIA | HONESTIDAD | PROFESIONALISMO | RESPETO | RESPONSABILIDAD | HUMILDAD GUARDIAS DE SEGURIDAD PRIVADA PARA [&hellip;]","og_url":"https:\/\/guardiasicc.com.mx\/home\/guardias-de-seguridad-privada-para-construcciones\/","og_site_name":"Guardias de Seguridad Privada ICC","article_modified_time":"2024-09-18T10:35:58+00:00","twitter_card":"summary_large_image","twitter_misc":{"Tiempo de lectura":"2 minutos"},"schema":{"@context":"https:\/\/schema.org","@graph":[{"@type":"WebPage","@id":"https:\/\/guardiasicc.com.mx\/home\/guardias-de-seguridad-privada-para-construcciones\/","url":"https:\/\/guardiasicc.com.mx\/home\/guardias-de-seguridad-privada-para-construcciones\/","name":"Guardias de Seguridad Privada para Construcciones\u00a0 - Guardias de Seguridad Privada ICC","isPartOf":{"@id":"https:\/\/guardiasicc.com.mx\/home\/#website"},"datePublished":"2024-09-18T10:35:23+00:00","dateModified":"2024-09-18T10:35:58+00:00","breadcrumb":{"@id":"https:\/\/guardiasicc.com.mx\/home\/guardias-de-seguridad-privada-para-construcciones\/#breadcrumb"},"inLanguage":"es","potentialAction":[{"@type":"ReadAction","target":["https:\/\/guardiasicc.com.mx\/home\/guardias-de-seguridad-privada-para-construcciones\/"]}]},{"@type":"BreadcrumbList","@id":"https:\/\/guardiasicc.com.mx\/home\/guardias-de-seguridad-privada-para-construcciones\/#breadcrumb","itemListElement":[{"@type":"ListItem","position":1,"name":"Portada","item":"https:\/\/guardiasicc.com.mx\/home\/"},{"@type":"ListItem","position":2,"name":"Guardias de Seguridad Privada para Construcciones\u00a0"}]},{"@type":"WebSite","@id":"https:\/\/guardiasicc.com.mx\/home\/#website","url":"https:\/\/guardiasicc.com.mx\/home\/","name":"Guardias de Seguridad Privada ICC","description":"Servicios de guardias de seguridad","potentialAction":[{"@type":"SearchAction","target":{"@type":"EntryPoint","urlTemplate":"https:\/\/guardiasicc.com.mx\/home\/?s={search_term_string}"},"query-input":{"@type":"PropertyValueSpecification","valueRequired":true,"valueName":"search_term_string"}}],"inLanguage":"es"}]}},"_links":{"self":[{"href":"https:\/\/guardiasicc.com.mx\/home\/wp-json\/wp\/v2\/pages\/87","targetHints":{"allow":["GET"]}}],"collection":[{"href":"https:\/\/guardiasicc.com.mx\/home\/wp-json\/wp\/v2\/pages"}],"about":[{"href":"https:\/\/guardiasicc.com.mx\/home\/wp-json\/wp\/v2\/types\/page"}],"author":[{"embeddable":true,"href":"https:\/\/guardiasicc.com.mx\/home\/wp-json\/wp\/v2\/users\/1"}],"replies":[{"embeddable":true,"href":"https:\/\/guardiasicc.com.mx\/home\/wp-json\/wp\/v2\/comments?post=87"}],"version-history":[{"count":4,"href":"https:\/\/guardiasicc.com.mx\/home\/wp-json\/wp\/v2\/pages\/87\/revisions"}],"predecessor-version":[{"id":92,"href":"https:\/\/guardiasicc.com.mx\/home\/wp-json\/wp\/v2\/pages\/87\/revisions\/92"}],"wp:attachment":[{"href":"https:\/\/guardiasicc.com.mx\/home\/wp-json\/wp\/v2\/media?parent=87"}],"curies":[{"name":"wp","href":"https:\/\/api.w.org\/{rel}","templated":true}]}}